{"id":1829,"date":"2026-01-15T04:26:38","date_gmt":"2026-01-15T09:26:38","guid":{"rendered":"https:\/\/cliniquestat.ca\/?page_id=1829"},"modified":"2026-01-28T11:14:36","modified_gmt":"2026-01-28T16:14:36","slug":"thank-you","status":"publish","type":"page","link":"https:\/\/cliniquestat.ca\/en\/thank-you\/","title":{"rendered":"Thank you"},"content":{"rendered":"<div class=\"vce-row-container\" data-vce-boxed-width=\"true\"><div class=\"vce-row vce-element--has-background vce-row--col-gap-30 vce-row-equal-height vce-row-content--top\" id=\"el-42a5bf30\" data-vce-do-apply=\"all el-42a5bf30\"><div class=\"vce-content-background-container\"><\/div><div class=\"vce-row-content\" data-vce-element-content=\"true\"><div class=\"vce-col vce-col--md-auto vce-col--xs-1 vce-col--xs-last vce-col--xs-first vce-col--sm-last vce-col--sm-first vce-col--md-last vce-col--lg-last vce-col--xl-last vce-col--md-first vce-col--lg-first vce-col--xl-first pl-108 pb-25\" id=\"el-00bf50fa\"><div class=\"vce-col-inner\" data-vce-do-apply=\"border margin background  el-00bf50fa\"><div class=\"vce-col-content\" data-vce-element-content=\"true\" data-vce-do-apply=\"padding el-00bf50fa\"><div class=\"vce-row-container\" data-vce-boxed-width=\"true\"><div class=\"vce-row vce-row--has-col-background vce-row--col-gap-0 mr-25 pt-21 vce-row-equal-height vce-row-content--top\" id=\"el-d17b489f\" data-vce-do-apply=\"all el-d17b489f\"><div class=\"vce-row-content\" data-vce-element-content=\"true\"><div class=\"vce-col vce-col--xs-100p vce-col--xs-visible vce-col--xs-last vce-col--xs-first vce-col--sm-100p vce-col--sm-visible vce-col--sm-last vce-col--sm-first vce-col--md-39-5p vce-col--md-visible vce-col--md-first vce-col--lg-39-5p vce-col--lg-visible vce-col--lg-first vce-col--xl-39-5p vce-col--xl-visible vce-col--xl-first pt-50 no-pr pr-110 pt-260\" id=\"el-9c98486f\"><div class=\"vce-col-inner\" data-vce-do-apply=\"border margin background  el-9c98486f\"><div class=\"vce-col-content\" data-vce-element-content=\"true\" data-vce-do-apply=\"padding el-9c98486f\"><div class=\"vce-shortcode pb-25 fil-ariane\"><div class=\"vce-shortcode-wrapper vce\" id=\"el-ace0ad41\" data-vce-do-apply=\"all el-ace0ad41\"><span><span><a href=\"https:\/\/cliniquestat.ca\/en\/\">Accueil<\/a><\/span><\/span><\/div><\/div><div class=\"vce-text-block pb-30\"><div class=\"vce-text-block-wrapper vce\" id=\"el-4827356c\" data-vce-do-apply=\"all el-4827356c\"><h1><span style=\"line-height: 1.3;\"><span class=\"trirong-medium\">Thanks to <\/span> <span class=\" bg-yellow bold\" style=\"letter-spacing: -0.7px;\"> Virus Sant\u00e9 Communication <\/span><br>\n<\/span><\/h1>\n<\/div><\/div><div class=\"vce-single-image-container full-width no-desktop vce-single-image--align-center\"><div class=\"vce vce-single-image-wrapper\" id=\"el-3848f477\" data-vce-do-apply=\"all el-3848f477\"><figure><div class=\"vce-single-image-figure-inner\" style=\"width: 333px;\"><div class=\"vce-single-image-inner vce-single-image--absolute\" style=\"width: 100%; padding-bottom: 74.7748%;\"><img decoding=\"async\" class=\"vce-single-image\" src=\"https:\/\/cliniquestat.ca\/wp-content\/uploads\/2025\/12\/Nos-professionnelles-min.png\" data-img-src=\"https:\/\/cliniquestat.ca\/wp-content\/uploads\/2025\/12\/Nos-professionnelles-min.png\" data-attachment-id=\"390\" alt=\"Une clinique de sant\u00e9\npriv\u00e9e, humaine et \u00e0\nl\u2019\u00e9coute\" title=\"Une clinique de sant\u00e9 priv\u00e9e, humaine et \u00e0 l\u2019\u00e9coute\"><\/div><\/div><figcaption hidden=\"\"><\/figcaption><\/figure><\/div><\/div><div class=\"vce vce-separator-container no-mobile vce-separator--align-left vce-separator--style-solid\" id=\"el-3d376634\" data-vce-do-apply=\"margin el-3d376634\"><div class=\"vce-separator vce-separator--color-b-8-84-76 vce-separator--width-80 vce-separator--thickness-1\" data-vce-do-apply=\"border padding background  el-3d376634\"><\/div><\/div><div class=\"vce-text-block pt-50 pb-35  no-pr pr-95   \"><div class=\"vce-text-block-wrapper vce\" id=\"el-8e26d27a\" data-vce-do-apply=\"all el-8e26d27a\"><p class=\"pb-20\">Clinique Sant\u00e9 STAT would like to thank <strong>Virus Sant\u00e9 Communication<\/strong> for its professional support in creating its communication tools. In the healthcare sector, trust, clarity, and accessibility are essential. For a clinic, it is therefore important to be able to count on a team capable of structuring its image, making it visible, and conveying a consistent message, while respecting the reality on the ground.<\/p>\n<p>Thanks to this collaboration, Clinique Sant\u00e9 STAT now benefits from a stronger presence, both visually and in terms of information, enabling it to better reach its clientele and present its services in a simple and effective manner.<\/p>\n<\/div><\/div><\/div><\/div><\/div><div class=\"vce-col vce-element--has-background vce-col--xs-100p vce-col--xs-visible vce-col--xs-last vce-col--xs-first vce-col--sm-100p vce-col--sm-visible vce-col--sm-last vce-col--sm-first vce-col--md-60-5p vce-col--md-visible vce-col--md-last vce-col--lg-60-5p vce-col--lg-visible vce-col--lg-last vce-col--xl-60-5p vce-col--xl-visible vce-col--xl-last\" id=\"el-f2a55d70\"><div class=\"vce-col-inner\" data-vce-do-apply=\"border margin background  el-f2a55d70\"><div class=\"vce-content-background-container\"><\/div><div class=\"vce-col-content\" data-vce-element-content=\"true\" data-vce-do-apply=\"padding el-f2a55d70\"><div class=\"vce-single-image-container full-width no-mobile vce-single-image--align-center\"><div class=\"vce vce-single-image-wrapper\" id=\"el-98f78352\" data-vce-do-apply=\"all el-98f78352\"><figure><div class=\"vce-single-image-figure-inner\" style=\"width: 1078px;\"><div class=\"vce-single-image-inner vce-single-image--absolute\" style=\"width: 100%; padding-bottom: 95.5473%;\"><img decoding=\"async\" class=\"vce-single-image\" src=\"https:\/\/cliniquestat.ca\/wp-content\/uploads\/2025\/12\/Nos-professionnelles.png\" data-img-src=\"https:\/\/cliniquestat.ca\/wp-content\/uploads\/2025\/12\/Nos-professionnelles.png\" data-attachment-id=\"389\" alt=\"Une clinique de sant\u00e9\npriv\u00e9e, humaine et \u00e0\nl\u2019\u00e9coute\" title=\"Nos professionnelles\"><\/div><\/div><figcaption hidden=\"\"><\/figcaption><\/figure><\/div><\/div><\/div><\/div><\/div><\/div><\/div><\/div><\/div><\/div><\/div><\/div><\/div><\/div><div class=\"vce-row-container\" data-vce-boxed-width=\"true\"><div class=\"vce-row vce-element--has-background vce-row--col-gap-30 vce-row-equal-height vce-row-content--top\" id=\"el-00d89d47\" data-vce-do-apply=\"all el-00d89d47\"><div class=\"vce-content-background-container\"><\/div><div class=\"vce-row-content\" data-vce-element-content=\"true\"><div class=\"vce-col vce-col--md-auto vce-col--xs-1 vce-col--xs-last vce-col--xs-first vce-col--sm-last vce-col--sm-first vce-col--md-last vce-col--lg-last vce-col--xl-last vce-col--md-first vce-col--lg-first vce-col--xl-first plr-260  pt-100 pb-115\" id=\"el-891ce7dd\"><div class=\"vce-col-inner\" data-vce-do-apply=\"border margin background  el-891ce7dd\"><div class=\"vce-col-content\" data-vce-element-content=\"true\" data-vce-do-apply=\"padding el-891ce7dd\"><div class=\"vce-text-block greenC center pb-50\"><div class=\"vce-text-block-wrapper vce\" id=\"el-29ed7b4d\" data-vce-do-apply=\"all el-29ed7b4d\"><h2 class=\"pb-25 greenC no-plr plr-260\"><strong>A comprehensive collaboration, from branding to content<\/strong><\/h2>\n<p class=\"no-plr plr-260\">The mandate carried out by Virus Sant\u00e9 Communication was structured around three complementary components, which together form an essential foundation for supporting the launch and <em>development of a clinic.<\/em><\/p>\n<\/div><\/div><div class=\"vce-row-container\" data-vce-boxed-width=\"true\"><div class=\"vce-row vce-row--col-gap-0 steps  vce-row-equal-height vce-row-content--top\" id=\"el-cad51e80\" data-vce-do-apply=\"all el-cad51e80\"><div class=\"vce-row-content\" data-vce-element-content=\"true\"><div class=\"vce-col vce-col--md-auto vce-col--xs-1 vce-col--xs-last vce-col--xs-first vce-col--sm-last vce-col--sm-first vce-col--md-first vce-col--lg-first vce-col--xl-first step no-pr pr-20 br-35\" id=\"el-f244cdf7\"><div class=\"vce-col-inner\" data-vce-do-apply=\"border margin background  el-f244cdf7\"><div class=\"vce-col-content\" data-vce-element-content=\"true\" data-vce-do-apply=\"padding el-f244cdf7\"><div class=\"vce-text-block greenC\"><div class=\"vce-text-block-wrapper vce\" id=\"el-991307f4\" data-vce-do-apply=\"all el-991307f4\"><p class=\"bold fs30 yellow pb-50\">1 . Logo and Brand Image<\/p>\n<p class=\"pb-25\">The first task was to create <strong>the logo<\/strong> and <a class=\"yellow underline\" href=\"https:\/\/virussantecommunication.ca\/services\/image-de-marque-sante\/\" target=\"_blank\" rel=\"noopener\">brand image for Clinique Sant\u00e9 STAT<\/a>. This step made it possible to build a professional visual identity that is easily recognizable and consistent with the clinic's values.<\/p>\n<p>Brand image plays an important role: it creates a positive first impression and ensures continuity in communications. Whether on a website, in an advertisement, on a services page, or in publications intended for the public, a strong visual identity helps establish a uniform, reassuring, and credible presence.<\/p>\n<\/div><\/div><\/div><\/div><\/div><div class=\"vce-col vce-col--md-auto vce-col--xs-1 vce-col--xs-last vce-col--xs-first vce-col--sm-last vce-col--sm-first step no-pr pr-20 br-35\" id=\"el-17d60278\"><div class=\"vce-col-inner\" data-vce-do-apply=\"border margin background  el-17d60278\"><div class=\"vce-col-content\" data-vce-element-content=\"true\" data-vce-do-apply=\"padding el-17d60278\"><div class=\"vce-text-block greenC\"><div class=\"vce-text-block-wrapper vce\" id=\"el-2d6d4dfd\" data-vce-do-apply=\"all el-2d6d4dfd\"><p class=\"bold fs30 yellow pb-80\">2 . Website Creation<\/p>\n<p class=\"pb-25\">Virus Sant\u00e9 Communication then <a class=\"yellow underline\" href=\"https:\/\/virussantecommunication.ca\/services\/conception-site-web-sante\/\" target=\"_blank\" rel=\"noopener\">created the website<\/a> for Clinique Sant\u00e9 STAT, which is now a central tool for informing, guiding, and supporting patients.<\/p>\n<p>The site was designed to offer clear and intuitive navigation so that visitors can quickly find essential information: the services offered, how to make an appointment, and practical information about the clinic. A well-structured web presence not only improves visibility, but also makes the experience simpler and more fluid for people who are looking for a health service and want to be guided quickly.<\/p>\n<\/div><\/div><\/div><\/div><\/div><div class=\"vce-col vce-col--md-auto vce-col--xs-1 vce-col--xs-last vce-col--xs-first vce-col--sm-last vce-col--sm-first vce-col--md-last vce-col--lg-last vce-col--xl-last step  br-35\" id=\"el-0da23d03\"><div class=\"vce-col-inner\" data-vce-do-apply=\"border margin background  el-0da23d03\"><div class=\"vce-col-content\" data-vce-element-content=\"true\" data-vce-do-apply=\"padding el-0da23d03\"><div class=\"vce-text-block greenC\"><div class=\"vce-text-block-wrapper vce\" id=\"el-95a0aaf2\" data-vce-do-apply=\"all el-95a0aaf2\"><p class=\"bold fs30 yellow pb-80\">3 . Content Production<\/p>\n<p class=\"pb-25\">Finally, the mandate included <a class=\"yellow underline\" href=\"https:\/\/virussantecommunication.ca\/services\/inbound-marketing\/\" target=\"_blank\" rel=\"noopener\">content writing<\/a>, an essential element in creating an effective and user-friendly website. The texts were written in a professional and accessible style, addressing the audience with simple wording while maintaining a reassuring tone.<\/p>\n<p>Web writing plays a key role in helping visitors understand the services, better identify their needs, and feel confident in their decision-making process. In addition to improving the user experience, well-structured texts also contribute to better visibility on search engines, which supports the growth and visibility of a clinic.<\/p>\n<\/div><\/div><\/div><\/div><\/div><\/div><\/div><\/div><\/div><\/div><\/div><\/div><\/div><\/div><div class=\"vce-row-container\" data-vce-boxed-width=\"true\"><div class=\"vce-row vce-element--has-background vce-row--col-gap-30 bg-yellow-img vce-row-equal-height vce-row-content--top\" id=\"el-fa1dfe37\" data-vce-do-apply=\"all el-fa1dfe37\"><div class=\"vce-content-background-container\"><div class=\"vce-asset-background-simple-container vce-visible-all-only vce-asset-background-simple--style-cover vce-asset-background-simple--position-center-center\"><div class=\"vce-asset-background-simple\">\n              <div class=\"vce-asset-background-simple-item vcv-lozad\" data-background-image=\"https:\/\/cliniquestat.ca\/wp-content\/uploads\/2025\/12\/min-bg.jpg\"><\/div>\n              <noscript>\n                <div class=\"vce-asset-background-simple-item\" style=\"background-image: url(https:\/\/cliniquestat.ca\/wp-content\/uploads\/2025\/12\/min-bg.jpg)\"><\/div>\n              <\/noscript>\n            <\/div><\/div><\/div><div class=\"vce-row-content\" data-vce-element-content=\"true\"><div class=\"vce-col vce-col--md-auto vce-col--xs-1 vce-col--xs-last vce-col--xs-first vce-col--sm-last vce-col--sm-first vce-col--md-last vce-col--lg-last vce-col--xl-last vce-col--md-first vce-col--lg-first vce-col--xl-first pr-253 pl-235 pt-118  pb-120\" id=\"el-1c1caae1\"><div class=\"vce-col-inner\" data-vce-do-apply=\"border margin background  el-1c1caae1\"><div class=\"vce-col-content\" data-vce-element-content=\"true\" data-vce-do-apply=\"padding el-1c1caae1\"><div class=\"vce-row-container\" data-vce-boxed-width=\"true\"><div class=\"vce-row vce-row--col-gap-0 vce-row-wrap--reverse vce-row-equal-height vce-row-content--middle\" id=\"el-c492adec\" data-vce-do-apply=\"all el-c492adec\"><div class=\"vce-row-content\" data-vce-element-content=\"true\"><div class=\"vce-col vce-col--md-43p vce-col--xs-1 vce-col--xs-last vce-col--xs-first vce-col--sm-last vce-col--sm-first vce-col--md-first vce-col--lg-first vce-col--xl-first no-pr pr-170\" id=\"el-43b5a2bd\"><div class=\"vce-col-inner\" data-vce-do-apply=\"border margin background  el-43b5a2bd\"><div class=\"vce-col-content\" data-vce-element-content=\"true\" data-vce-do-apply=\"padding el-43b5a2bd\"><div class=\"vce-text-block\"><div class=\"vce-text-block-wrapper vce\" id=\"el-4d99404b\" data-vce-do-apply=\"all el-4d99404b\"><h2 class=\"pb-50\"><strong>Thank you for your work<\/strong><\/h2>\n<\/div><\/div><div class=\"vce vce-separator-container vce-separator--align-left vce-separator--style-solid\" id=\"el-325f50d4\" data-vce-do-apply=\"margin el-325f50d4\"><div class=\"vce-separator vce-separator--color-b-8-84-76 vce-separator--width-93 vce-separator--thickness-1\" data-vce-do-apply=\"border padding background  el-325f50d4\"><\/div><\/div><div class=\"vce-text-block pt-50 \"><div class=\"vce-text-block-wrapper vce\" id=\"el-ac974d1e\" data-vce-do-apply=\"all el-ac974d1e\"><p>Clinique Sant\u00e9 STAT would like to thank Virus Sant\u00e9 Communication for the quality of their work, their attentiveness, and their ability to deliver concrete tools tailored to our reality. This collaboration has given us a solid, consistent, and professional foundation on which to build our visibility, better inform our clients, and facilitate access to our services.<\/p>\n<\/div><\/div><\/div><\/div><\/div><div class=\"vce-col vce-col--md-57p vce-col--xs-1 vce-col--xs-last vce-col--xs-first vce-col--sm-last vce-col--sm-first vce-col--md-last vce-col--lg-last vce-col--xl-last pb-30-mob\" id=\"el-5f4daaf6\"><div class=\"vce-col-inner\" data-vce-do-apply=\"border margin background  el-5f4daaf6\"><div class=\"vce-col-content\" data-vce-element-content=\"true\" data-vce-do-apply=\"padding el-5f4daaf6\"><div class=\"vce-single-image-container full-width br-35 vce-single-image--align-center\"><div class=\"vce vce-single-image-wrapper\" id=\"el-31f7bc15\" data-vce-do-apply=\"all el-31f7bc15\"><figure><div class=\"vce-single-image-figure-inner\" style=\"width: 814px;\"><div class=\"vce-single-image-inner vce-single-image--absolute\" style=\"width: 100%; padding-bottom: 89.4349%;\"><img decoding=\"async\" class=\"vce-single-image\" src=\"https:\/\/cliniquestat.ca\/wp-content\/uploads\/2026\/01\/virus-sante-communication.png\" data-img-src=\"https:\/\/cliniquestat.ca\/wp-content\/uploads\/2026\/01\/virus-sante-communication.png\" data-attachment-id=\"1343\" alt=\"Virus Sante Communication\" title=\"Virus Sante Communication\"><\/div><\/div><figcaption hidden=\"\"><\/figcaption><\/figure><\/div><\/div><\/div><\/div><\/div><\/div><\/div><\/div><\/div><\/div><\/div><\/div><\/div><\/div>\n","protected":false},"excerpt":{"rendered":"<p>Thanks to Virus Sant\u00e9 Communication Clinique Sant\u00e9 STAT would like to thank Virus Sant\u00e9 Communication for its professional support in creating its communication tools. In the healthcare sector, trust, clarity, and accessibility are essential. For a clinic, it is therefore important to be able to count on a team capable of structuring its image, making [&hellip;]<\/p>\n","protected":false},"author":1,"featured_media":0,"parent":0,"menu_order":0,"comment_status":"closed","ping_status":"closed","template":"","meta":{"footnotes":""},"class_list":["post-1829","page","type-page","status-publish","hentry"],"yoast_head":"<!-- This site is optimized with the Yoast SEO plugin v27.2 - https:\/\/yoast.com\/product\/yoast-seo-wordpress\/ -->\n<title>Thank you - Clinique Sant\u00e9 Stat<\/title>\n<meta name=\"robots\" content=\"index, follow, max-snippet:-1, max-image-preview:large, max-video-preview:-1\" \/>\n<link rel=\"canonical\" href=\"https:\/\/cliniquestat.ca\/en\/thank-you\/\" \/>\n<meta property=\"og:locale\" content=\"en_US\" \/>\n<meta property=\"og:type\" content=\"article\" \/>\n<meta property=\"og:title\" content=\"Thank you - Clinique Sant\u00e9 Stat\" \/>\n<meta property=\"og:description\" content=\"Thanks to Virus Sant\u00e9 Communication Clinique Sant\u00e9 STAT would like to thank Virus Sant\u00e9 Communication for its professional support in creating its communication tools. In the healthcare sector, trust, clarity, and accessibility are essential. For a clinic, it is therefore important to be able to count on a team capable of structuring its image, making [&hellip;]\" \/>\n<meta property=\"og:url\" content=\"https:\/\/cliniquestat.ca\/en\/thank-you\/\" \/>\n<meta property=\"og:site_name\" content=\"Clinique Sant\u00e9 Stat\" \/>\n<meta property=\"article:modified_time\" content=\"2026-01-28T16:14:36+00:00\" \/>\n<meta name=\"twitter:card\" content=\"summary_large_image\" \/>\n<script type=\"application\/ld+json\" class=\"yoast-schema-graph\">{\"@context\":\"https:\/\/schema.org\",\"@graph\":[{\"@type\":\"WebPage\",\"@id\":\"https:\/\/cliniquestat.ca\/en\/thank-you\/\",\"url\":\"https:\/\/cliniquestat.ca\/en\/thank-you\/\",\"name\":\"Thank you - Clinique Sant\u00e9 Stat\",\"isPartOf\":{\"@id\":\"https:\/\/cliniquestat.ca\/en\/#website\"},\"datePublished\":\"2026-01-15T09:26:38+00:00\",\"dateModified\":\"2026-01-28T16:14:36+00:00\",\"breadcrumb\":{\"@id\":\"https:\/\/cliniquestat.ca\/en\/thank-you\/#breadcrumb\"},\"inLanguage\":\"en-US\",\"potentialAction\":[{\"@type\":\"ReadAction\",\"target\":[\"https:\/\/cliniquestat.ca\/en\/thank-you\/\"]}]},{\"@type\":\"BreadcrumbList\",\"@id\":\"https:\/\/cliniquestat.ca\/en\/thank-you\/#breadcrumb\",\"itemListElement\":[{\"@type\":\"ListItem\",\"position\":1,\"name\":\"Accueil\",\"item\":\"https:\/\/cliniquestat.ca\/en\/\"},{\"@type\":\"ListItem\",\"position\":2,\"name\":\"Thank you\"}]},{\"@type\":\"WebSite\",\"@id\":\"https:\/\/cliniquestat.ca\/en\/#website\",\"url\":\"https:\/\/cliniquestat.ca\/en\/\",\"name\":\"Clinique Sant\u00e9 Stat\",\"description\":\"Des soins in\ufb01rmiers humains\",\"publisher\":{\"@id\":\"https:\/\/cliniquestat.ca\/en\/#organization\"},\"potentialAction\":[{\"@type\":\"SearchAction\",\"target\":{\"@type\":\"EntryPoint\",\"urlTemplate\":\"https:\/\/cliniquestat.ca\/en\/?s={search_term_string}\"},\"query-input\":{\"@type\":\"PropertyValueSpecification\",\"valueRequired\":true,\"valueName\":\"search_term_string\"}}],\"inLanguage\":\"en-US\"},{\"@type\":\"Organization\",\"@id\":\"https:\/\/cliniquestat.ca\/en\/#organization\",\"name\":\"Clinique Sant\u00e9 Stat\",\"url\":\"https:\/\/cliniquestat.ca\/en\/\",\"logo\":{\"@type\":\"ImageObject\",\"inLanguage\":\"en-US\",\"@id\":\"https:\/\/cliniquestat.ca\/en\/#\/schema\/logo\/image\/\",\"url\":\"https:\/\/cliniquestat.ca\/wp-content\/uploads\/2025\/07\/Clinique-Sante-Stat.svg\",\"contentUrl\":\"https:\/\/cliniquestat.ca\/wp-content\/uploads\/2025\/07\/Clinique-Sante-Stat.svg\",\"width\":160,\"height\":90,\"caption\":\"Clinique Sant\u00e9 Stat\"},\"image\":{\"@id\":\"https:\/\/cliniquestat.ca\/en\/#\/schema\/logo\/image\/\"}}]}<\/script>\n<!-- \/ Yoast SEO plugin. -->","yoast_head_json":{"title":"Thank you - Clinique Sant\u00e9 Stat","robots":{"index":"index","follow":"follow","max-snippet":"max-snippet:-1","max-image-preview":"max-image-preview:large","max-video-preview":"max-video-preview:-1"},"canonical":"https:\/\/cliniquestat.ca\/en\/thank-you\/","og_locale":"en_US","og_type":"article","og_title":"Thank you - Clinique Sant\u00e9 Stat","og_description":"Thanks to Virus Sant\u00e9 Communication Clinique Sant\u00e9 STAT would like to thank Virus Sant\u00e9 Communication for its professional support in creating its communication tools. In the healthcare sector, trust, clarity, and accessibility are essential. For a clinic, it is therefore important to be able to count on a team capable of structuring its image, making [&hellip;]","og_url":"https:\/\/cliniquestat.ca\/en\/thank-you\/","og_site_name":"Clinique Sant\u00e9 Stat","article_modified_time":"2026-01-28T16:14:36+00:00","twitter_card":"summary_large_image","schema":{"@context":"https:\/\/schema.org","@graph":[{"@type":"WebPage","@id":"https:\/\/cliniquestat.ca\/en\/thank-you\/","url":"https:\/\/cliniquestat.ca\/en\/thank-you\/","name":"Thank you - Clinique Sant\u00e9 Stat","isPartOf":{"@id":"https:\/\/cliniquestat.ca\/en\/#website"},"datePublished":"2026-01-15T09:26:38+00:00","dateModified":"2026-01-28T16:14:36+00:00","breadcrumb":{"@id":"https:\/\/cliniquestat.ca\/en\/thank-you\/#breadcrumb"},"inLanguage":"en-US","potentialAction":[{"@type":"ReadAction","target":["https:\/\/cliniquestat.ca\/en\/thank-you\/"]}]},{"@type":"BreadcrumbList","@id":"https:\/\/cliniquestat.ca\/en\/thank-you\/#breadcrumb","itemListElement":[{"@type":"ListItem","position":1,"name":"Accueil","item":"https:\/\/cliniquestat.ca\/en\/"},{"@type":"ListItem","position":2,"name":"Thank you"}]},{"@type":"WebSite","@id":"https:\/\/cliniquestat.ca\/en\/#website","url":"https:\/\/cliniquestat.ca\/en\/","name":"Clinique Sant\u00e9 Stat","description":"Des soins in\ufb01rmiers humains","publisher":{"@id":"https:\/\/cliniquestat.ca\/en\/#organization"},"potentialAction":[{"@type":"SearchAction","target":{"@type":"EntryPoint","urlTemplate":"https:\/\/cliniquestat.ca\/en\/?s={search_term_string}"},"query-input":{"@type":"PropertyValueSpecification","valueRequired":true,"valueName":"search_term_string"}}],"inLanguage":"en-US"},{"@type":"Organization","@id":"https:\/\/cliniquestat.ca\/en\/#organization","name":"Clinique Sant\u00e9 Stat","url":"https:\/\/cliniquestat.ca\/en\/","logo":{"@type":"ImageObject","inLanguage":"en-US","@id":"https:\/\/cliniquestat.ca\/en\/#\/schema\/logo\/image\/","url":"https:\/\/cliniquestat.ca\/wp-content\/uploads\/2025\/07\/Clinique-Sante-Stat.svg","contentUrl":"https:\/\/cliniquestat.ca\/wp-content\/uploads\/2025\/07\/Clinique-Sante-Stat.svg","width":160,"height":90,"caption":"Clinique Sant\u00e9 Stat"},"image":{"@id":"https:\/\/cliniquestat.ca\/en\/#\/schema\/logo\/image\/"}}]}},"_links":{"self":[{"href":"https:\/\/cliniquestat.ca\/en\/wp-json\/wp\/v2\/pages\/1829","targetHints":{"allow":["GET"]}}],"collection":[{"href":"https:\/\/cliniquestat.ca\/en\/wp-json\/wp\/v2\/pages"}],"about":[{"href":"https:\/\/cliniquestat.ca\/en\/wp-json\/wp\/v2\/types\/page"}],"author":[{"embeddable":true,"href":"https:\/\/cliniquestat.ca\/en\/wp-json\/wp\/v2\/users\/1"}],"replies":[{"embeddable":true,"href":"https:\/\/cliniquestat.ca\/en\/wp-json\/wp\/v2\/comments?post=1829"}],"version-history":[{"count":0,"href":"https:\/\/cliniquestat.ca\/en\/wp-json\/wp\/v2\/pages\/1829\/revisions"}],"wp:attachment":[{"href":"https:\/\/cliniquestat.ca\/en\/wp-json\/wp\/v2\/media?parent=1829"}],"curies":[{"name":"wp","href":"https:\/\/api.w.org\/{rel}","templated":true}]}}